{"id":561,"date":"2020-09-24T10:09:47","date_gmt":"2020-09-24T10:09:47","guid":{"rendered":"http:\/\/inda.al\/wp\/?page_id=561"},"modified":"2021-08-31T12:36:13","modified_gmt":"2021-08-31T12:36:13","slug":"menaxheret-tane-ne-terren","status":"publish","type":"page","link":"https:\/\/inda.al\/en\/menaxheret-tane-ne-terren\/","title":{"rendered":"(Shqip) Menaxher\u00ebt tan\u00eb n\u00eb terren"},"content":{"rendered":"<p class=\"qtranxs-available-languages-message qtranxs-available-languages-message-en\">Sorry, this entry is only available in <a href=\"https:\/\/inda.al\/sq\/wp-json\/wp\/v2\/pages\/561\" class=\"qtranxs-available-language-link qtranxs-available-language-link-sq\" title=\"Shqip\">Albanian<\/a>.<\/p>","protected":false},"excerpt":{"rendered":"<p>Sorry, this entry is only available in Albanian.<\/p>\n","protected":false},"author":1,"featured_media":0,"parent":0,"menu_order":0,"comment_status":"closed","ping_status":"closed","template":"","meta":[],"_links":{"self":[{"href":"https:\/\/inda.al\/en\/wp-json\/wp\/v2\/pages\/561"}],"collection":[{"href":"https:\/\/inda.al\/en\/wp-json\/wp\/v2\/pages"}],"about":[{"href":"https:\/\/inda.al\/en\/wp-json\/wp\/v2\/types\/page"}],"author":[{"embeddable":true,"href":"https:\/\/inda.al\/en\/wp-json\/wp\/v2\/users\/1"}],"replies":[{"embeddable":true,"href":"https:\/\/inda.al\/en\/wp-json\/wp\/v2\/comments?post=561"}],"version-history":[{"count":10,"href":"https:\/\/inda.al\/en\/wp-json\/wp\/v2\/pages\/561\/revisions"}],"predecessor-version":[{"id":4464,"href":"https:\/\/inda.al\/en\/wp-json\/wp\/v2\/pages\/561\/revisions\/4464"}],"wp:attachment":[{"href":"https:\/\/inda.al\/en\/wp-json\/wp\/v2\/media?parent=561"}],"curies":[{"name":"wp","href":"https:\/\/api.w.org\/{rel}","templated":true}]}}